{"id":6936,"date":"2025-07-25T14:53:25","date_gmt":"2025-07-25T14:53:25","guid":{"rendered":"https:\/\/silverata.com.br\/?post_type=product&#038;p=6936"},"modified":"2025-07-25T14:53:25","modified_gmt":"2025-07-25T14:53:25","slug":"ferro-para-construcao","status":"publish","type":"product","link":"https:\/\/silverata.com.br\/?product=ferro-para-construcao","title":{"rendered":"FERRO PARA CONSTRU\u00c7\u00c3O"},"content":{"rendered":"<p>FERRO PARA CONSTRU\u00c7\u00c3O DE V\u00c1RIOS MILIMETROS<\/p>\n<p>* VERIFICAR DISPONIBILIDADE DE ESTOQUE<\/p>\n","protected":false},"excerpt":{"rendered":"<p>FERRO PARA CONSTRU\u00c7\u00c3O DE V\u00c1RIOS MILIMETROS * VERIFICAR DISPONIBILIDADE DE ESTOQUE<\/p>\n","protected":false},"featured_media":6937,"template":"","meta":{"site-sidebar-layout":"default","site-content-layout":"","ast-site-content-layout":"default","site-content-style":"default","site-sidebar-style":"default","ast-global-header-display":"","ast-banner-title-visibility":"","ast-main-header-display":"","ast-hfb-above-header-display":"","ast-hfb-below-header-display":"","ast-hfb-mobile-header-display":"","site-post-title":"","ast-breadcrumbs-content":"","ast-featured-img":"","footer-sml-layout":"","theme-transparent-header-meta":"default","adv-header-id-meta":"","stick-header-meta":"","header-above-stick-meta":"","header-main-stick-meta":"","header-below-stick-meta":"","astra-migrate-meta-layouts":"set","ast-page-background-enabled":"default","ast-page-background-meta":{"desktop":{"background-color":"","background-image":"","background-repeat":"repeat","background-position":"center center","background-size":"auto","background-attachment":"scroll","background-type":"","background-media":"","overlay-type":"","overlay-color":"","overlay-opacity":"","overlay-gradient":""},"tablet":{"background-color":"","background-image":"","background-repeat":"repeat","background-position":"center center","background-size":"auto","background-attachment":"scroll","background-type":"","background-media":"","overlay-type":"","overlay-color":"","overlay-opacity":"","overlay-gradient":""},"mobile":{"background-color":"","background-image":"","background-repeat":"repeat","background-position":"center center","background-size":"auto","background-attachment":"scroll","background-type":"","background-media":"","overlay-type":"","overlay-color":"","overlay-opacity":"","overlay-gradient":""}},"ast-content-background-meta":{"desktop":{"background-color":"var(--ast-global-color-5)","background-image":"","background-repeat":"repeat","background-position":"center center","background-size":"auto","background-attachment":"scroll","background-type":"","background-media":"","overlay-type":"","overlay-color":"","overlay-opacity":"","overlay-gradient":""},"tablet":{"background-color":"var(--ast-global-color-5)","background-image":"","background-repeat":"repeat","background-position":"center center","background-size":"auto","background-attachment":"scroll","background-type":"","background-media":"","overlay-type":"","overlay-color":"","overlay-opacity":"","overlay-gradient":""},"mobile":{"background-color":"var(--ast-global-color-5)","background-image":"","background-repeat":"repeat","background-position":"center center","background-size":"auto","background-attachment":"scroll","background-type":"","background-media":"","overlay-type":"","overlay-color":"","overlay-opacity":"","overlay-gradient":""}}},"product_brand":[],"product_cat":[49],"product_tag":[97,94,96,95,93],"class_list":{"0":"post-6936","1":"product","2":"type-product","3":"status-publish","4":"has-post-thumbnail","6":"product_cat-materiais-basicos","7":"product_tag-barra-de-ferro","8":"product_tag-ferro-construcao","9":"product_tag-ferro-de-construcao","10":"product_tag-ferro-para-construcao","11":"product_tag-vergalhao","12":"desktop-align-left","13":"tablet-align-left","14":"mobile-align-left","16":"first","17":"instock","18":"shipping-taxable","19":"product-type-simple"},"_links":{"self":[{"href":"https:\/\/silverata.com.br\/index.php?rest_route=\/wp\/v2\/product\/6936","targetHints":{"allow":["GET"]}}],"collection":[{"href":"https:\/\/silverata.com.br\/index.php?rest_route=\/wp\/v2\/product"}],"about":[{"href":"https:\/\/silverata.com.br\/index.php?rest_route=\/wp\/v2\/types\/product"}],"wp:featuredmedia":[{"embeddable":true,"href":"https:\/\/silverata.com.br\/index.php?rest_route=\/wp\/v2\/media\/6937"}],"wp:attachment":[{"href":"https:\/\/silverata.com.br\/index.php?rest_route=%2Fwp%2Fv2%2Fmedia&parent=6936"}],"wp:term":[{"taxonomy":"product_brand","embeddable":true,"href":"https:\/\/silverata.com.br\/index.php?rest_route=%2Fwp%2Fv2%2Fproduct_brand&post=6936"},{"taxonomy":"product_cat","embeddable":true,"href":"https:\/\/silverata.com.br\/index.php?rest_route=%2Fwp%2Fv2%2Fproduct_cat&post=6936"},{"taxonomy":"product_tag","embeddable":true,"href":"https:\/\/silverata.com.br\/index.php?rest_route=%2Fwp%2Fv2%2Fproduct_tag&post=6936"}],"curies":[{"name":"wp","href":"https:\/\/api.w.org\/{rel}","templated":true}]}}